{"id":751,"date":"2024-12-02T11:23:47","date_gmt":"2024-12-02T10:23:47","guid":{"rendered":"https:\/\/veasy-visitor.de\/jednoduchy-rozsah-funkcii\/"},"modified":"2026-01-12T20:26:04","modified_gmt":"2026-01-12T19:26:04","slug":"jednoduchy-rozsah-funkcii","status":"publish","type":"page","link":"https:\/\/veasy-visitor.de\/sk\/jednoduchy-rozsah-funkcii\/","title":{"rendered":"Funkcie"},"content":{"rendered":"<p>[et_pb_section fb_built=&#8220;1&#8243; _builder_version=&#8220;4.27.0&#8243; _module_preset=&#8220;default&#8220; global_colors_info=&#8220;{}&#8220;][et_pb_row _builder_version=&#8220;4.27.0&#8243; _module_preset=&#8220;default&#8220; global_colors_info=&#8220;{}&#8220;][et_pb_column type=&#8220;4_4&#8243; _builder_version=&#8220;4.27.0&#8243; _module_preset=&#8220;default&#8220; global_colors_info=&#8220;{}&#8220;][et_pb_text _builder_version=&#8220;4.27.4&#8243; _module_preset=&#8220;default&#8220; hover_enabled=&#8220;0&#8243; global_colors_info=&#8220;{}&#8220; sticky_enabled=&#8220;0&#8243;]<\/p>\n<h1 style=\"text-align: center;\" id=\"produkte\">veasy v praxi<br \/>\nFunkcie a poh\u013ead do syst\u00e9mu vo videu<\/h1>\n<p style=\"text-align: center;\">Od pozv\u00e1nky a\u017e po prihl\u00e1senie.<br \/>\nPozrite si syst\u00e9m a presved\u010dte sa o intuit\u00edvnom pou\u017e\u00edvate\u013eskom rozhran\u00ed.<\/p>\n<p>[\/et_pb_text][et_pb_video_slider _builder_version=&#8220;4.27.4&#8243; _module_preset=&#8220;default&#8220; global_colors_info=&#8220;{}&#8220;][et_pb_video_slider_item src=&#8220;https:\/\/youtu.be\/VRksaRZ9D4M&#8220; image_src=&#8220;https:\/\/veasy-visitor.de\/wp-content\/uploads\/2026\/01\/Thumbnail_-Video-1-englisch.png&#8220; _builder_version=&#8220;4.27.4&#8243; _module_preset=&#8220;default&#8220; global_colors_info=&#8220;{}&#8220; show_image_overlay=&#8220;off&#8220;][\/et_pb_video_slider_item][et_pb_video_slider_item src=&#8220;https:\/\/youtu.be\/AWwb6BfssGc&#8220; image_src=&#8220;https:\/\/veasy-visitor.de\/wp-content\/uploads\/2026\/01\/Thumbnail_-Video-2-englisch.png&#8220; _builder_version=&#8220;4.27.4&#8243; _module_preset=&#8220;default&#8220; global_colors_info=&#8220;{}&#8220; show_image_overlay=&#8220;off&#8220;][\/et_pb_video_slider_item][et_pb_video_slider_item src=&#8220;https:\/\/youtu.be\/hCIbkFVw1B8&#8243; image_src=&#8220;https:\/\/veasy-visitor.de\/wp-content\/uploads\/2026\/01\/Thumbnail_-Video-3-englisch.png&#8220; _builder_version=&#8220;4.27.4&#8243; _module_preset=&#8220;default&#8220; global_colors_info=&#8220;{}&#8220; show_image_overlay=&#8220;off&#8220;][\/et_pb_video_slider_item][\/et_pb_video_slider][et_pb_video _builder_version=&#8220;4.27.4&#8243; _module_preset=&#8220;default&#8220; global_colors_info=&#8220;{}&#8220;][\/et_pb_video][\/et_pb_column][\/et_pb_row][et_pb_row _builder_version=&#8220;4.27.4&#8243; _module_preset=&#8220;default&#8220; locked=&#8220;off&#8220; global_colors_info=&#8220;{}&#8220;][et_pb_column type=&#8220;4_4&#8243; _builder_version=&#8220;4.27.4&#8243; _module_preset=&#8220;default&#8220; global_colors_info=&#8220;{}&#8220;][et_pb_image src=&#8220;https:\/\/veasy-visitor.de\/wp-content\/uploads\/2026\/01\/veasy_pfeil.png&#8220; title_text=&#8220;veasy_arrow&#8220; url=&#8220;#whatcanveasy&#8220; use_overlay=&#8220;on&#8220; hover_icon=&#8220;&#x33;||divi||400&#8243; align=&#8220;center&#8220; module_id=&#8220;whatcanveasy&#8220; _builder_version=&#8220;4.27.4&#8243; _module_preset=&#8220;default&#8220; max_width=&#8220;6%&#8220; global_colors_info=&#8220;{}&#8220;][\/et_pb_image][\/et_pb_column][\/et_pb_row][\/et_pb_section][et_pb_section fb_built=&#8220;1&#8243; _builder_version=&#8220;4.27.4&#8243; _module_preset=&#8220;default&#8220; background_color=&#8220;#fff1d6&#8243; global_colors_info=&#8220;{}&#8220;][et_pb_row _builder_version=&#8220;4.27.0&#8243; _module_preset=&#8220;default&#8220; global_colors_info=&#8220;{}&#8220;][et_pb_column type=&#8220;4_4&#8243; _builder_version=&#8220;4.27.0&#8243; _module_preset=&#8220;default&#8220; global_colors_info=&#8220;{}&#8220;][et_pb_text module_id=&#8220;whatcanveasy&#8220; _builder_version=&#8220;4.27.4&#8243; _module_preset=&#8220;default&#8220; global_colors_info=&#8220;{}&#8220;]<\/p>\n<h1 style=\"text-align: center;\" id=\"produkte\">\u010co dok\u00e1\u017ee veasy?<\/h1>\n<p style=\"text-align: center;\">S veasy &#8211; rie\u0161en\u00edm pre spr\u00e1vu n\u00e1v\u0161tev &#8211; vyu\u017eijete v\u0161etky funkcie pre jednoduch\u00e9, efekt\u00edvne a z\u00e1rove\u0148 v\u010fa\u010dn\u00e9 zaobch\u00e1dzanie s n\u00e1v\u0161tevn\u00edkmi vo v\u0161etk\u00fdch f\u00e1zach n\u00e1v\u0161tevy.<\/p>\n<p>&nbsp;<\/p>\n<p>[\/et_pb_text][et_pb_image src=&#8220;https:\/\/veasy-visitor.de\/wp-content\/uploads\/2025\/03\/veasy_Funktionsumfang_SK.jpg&#8220; title_text=&#8220;veasy_Funktionsumfang_SK&#8220; _builder_version=&#8220;4.27.4&#8243; _module_preset=&#8220;default&#8220; global_colors_info=&#8220;{}&#8220;][\/et_pb_image][\/et_pb_column][\/et_pb_row][\/et_pb_section]<\/p>\n","protected":false},"excerpt":{"rendered":"<p>veasy v praxi Funkcie a poh\u013ead do syst\u00e9mu vo videu Od pozv\u00e1nky a\u017e po prihl\u00e1senie. Pozrite si syst\u00e9m a presved\u010dte sa o intuit\u00edvnom pou\u017e\u00edvate\u013eskom rozhran\u00ed.\u010co dok\u00e1\u017ee veasy? S veasy &#8211; rie\u0161en\u00edm pre spr\u00e1vu n\u00e1v\u0161tev &#8211; vyu\u017eijete v\u0161etky funkcie pre jednoduch\u00e9, efekt\u00edvne a z\u00e1rove\u0148 v\u010fa\u010dn\u00e9 zaobch\u00e1dzanie s n\u00e1v\u0161tevn\u00edkmi vo v\u0161etk\u00fdch f\u00e1zach n\u00e1v\u0161tevy. &nbsp;<\/p>\n","protected":false},"author":2,"featured_media":0,"parent":0,"menu_order":0,"comment_status":"closed","ping_status":"closed","template":"","meta":{"_et_pb_use_builder":"on","_et_pb_old_content":"","_et_gb_content_width":"","footnotes":""},"class_list":["post-751","page","type-page","status-publish","hentry"],"yoast_head":"<!-- This site is optimized with the Yoast SEO plugin v27.1.1 - https:\/\/yoast.com\/product\/yoast-seo-wordpress\/ -->\n<title>Funkcie - Veasy Visitor<\/title>\n<meta name=\"robots\" content=\"index, follow, max-snippet:-1, max-image-preview:large, max-video-preview:-1\" \/>\n<link rel=\"canonical\" href=\"https:\/\/veasy-visitor.de\/sk\/jednoduchy-rozsah-funkcii\/\" \/>\n<meta property=\"og:locale\" content=\"sk_SK\" \/>\n<meta property=\"og:type\" content=\"article\" \/>\n<meta property=\"og:title\" content=\"Funkcie - Veasy Visitor\" \/>\n<meta property=\"og:description\" content=\"veasy v praxi Funkcie a poh\u013ead do syst\u00e9mu vo videu Od pozv\u00e1nky a\u017e po prihl\u00e1senie. Pozrite si syst\u00e9m a presved\u010dte sa o intuit\u00edvnom pou\u017e\u00edvate\u013eskom rozhran\u00ed.\u010co dok\u00e1\u017ee veasy? S veasy - rie\u0161en\u00edm pre spr\u00e1vu n\u00e1v\u0161tev - vyu\u017eijete v\u0161etky funkcie pre jednoduch\u00e9, efekt\u00edvne a z\u00e1rove\u0148 v\u010fa\u010dn\u00e9 zaobch\u00e1dzanie s n\u00e1v\u0161tevn\u00edkmi vo v\u0161etk\u00fdch f\u00e1zach n\u00e1v\u0161tevy. &nbsp;\" \/>\n<meta property=\"og:url\" content=\"https:\/\/veasy-visitor.de\/sk\/jednoduchy-rozsah-funkcii\/\" \/>\n<meta property=\"og:site_name\" content=\"Veasy Visitor\" \/>\n<meta property=\"article:modified_time\" content=\"2026-01-12T19:26:04+00:00\" \/>\n<meta name=\"twitter:card\" content=\"summary_large_image\" \/>\n<meta name=\"twitter:label1\" content=\"Predpokladan\u00fd \u010das \u010d\u00edtania\" \/>\n\t<meta name=\"twitter:data1\" content=\"2 min\u00faty\" \/>\n<script type=\"application\/ld+json\" class=\"yoast-schema-graph\">{\"@context\":\"https:\/\/schema.org\",\"@graph\":[{\"@type\":\"WebPage\",\"@id\":\"https:\/\/veasy-visitor.de\/sk\/jednoduchy-rozsah-funkcii\/\",\"url\":\"https:\/\/veasy-visitor.de\/sk\/jednoduchy-rozsah-funkcii\/\",\"name\":\"Funkcie - Veasy Visitor\",\"isPartOf\":{\"@id\":\"https:\/\/veasy-visitor.de\/sk\/#website\"},\"datePublished\":\"2024-12-02T10:23:47+00:00\",\"dateModified\":\"2026-01-12T19:26:04+00:00\",\"breadcrumb\":{\"@id\":\"https:\/\/veasy-visitor.de\/sk\/jednoduchy-rozsah-funkcii\/#breadcrumb\"},\"inLanguage\":\"sk-SK\",\"potentialAction\":[{\"@type\":\"ReadAction\",\"target\":[\"https:\/\/veasy-visitor.de\/sk\/jednoduchy-rozsah-funkcii\/\"]}]},{\"@type\":\"BreadcrumbList\",\"@id\":\"https:\/\/veasy-visitor.de\/sk\/jednoduchy-rozsah-funkcii\/#breadcrumb\",\"itemListElement\":[{\"@type\":\"ListItem\",\"position\":1,\"name\":\"Startseite\",\"item\":\"https:\/\/veasy-visitor.de\/sk\/\"},{\"@type\":\"ListItem\",\"position\":2,\"name\":\"Funkcie\"}]},{\"@type\":\"WebSite\",\"@id\":\"https:\/\/veasy-visitor.de\/sk\/#website\",\"url\":\"https:\/\/veasy-visitor.de\/sk\/\",\"name\":\"veasy Visitor\",\"description\":\"\",\"publisher\":{\"@id\":\"https:\/\/veasy-visitor.de\/sk\/#organization\"},\"potentialAction\":[{\"@type\":\"SearchAction\",\"target\":{\"@type\":\"EntryPoint\",\"urlTemplate\":\"https:\/\/veasy-visitor.de\/sk\/?s={search_term_string}\"},\"query-input\":{\"@type\":\"PropertyValueSpecification\",\"valueRequired\":true,\"valueName\":\"search_term_string\"}}],\"inLanguage\":\"sk-SK\"},{\"@type\":\"Organization\",\"@id\":\"https:\/\/veasy-visitor.de\/sk\/#organization\",\"name\":\"veasy Visitor\",\"url\":\"https:\/\/veasy-visitor.de\/sk\/\",\"logo\":{\"@type\":\"ImageObject\",\"inLanguage\":\"sk-SK\",\"@id\":\"https:\/\/veasy-visitor.de\/sk\/#\/schema\/logo\/image\/\",\"url\":\"https:\/\/veasy-visitor.de\/wp-content\/uploads\/2024\/05\/veasy_logo.png\",\"contentUrl\":\"https:\/\/veasy-visitor.de\/wp-content\/uploads\/2024\/05\/veasy_logo.png\",\"width\":1243,\"height\":603,\"caption\":\"veasy Visitor\"},\"image\":{\"@id\":\"https:\/\/veasy-visitor.de\/sk\/#\/schema\/logo\/image\/\"}}]}<\/script>\n<!-- \/ Yoast SEO plugin. -->","yoast_head_json":{"title":"Funkcie - Veasy Visitor","robots":{"index":"index","follow":"follow","max-snippet":"max-snippet:-1","max-image-preview":"max-image-preview:large","max-video-preview":"max-video-preview:-1"},"canonical":"https:\/\/veasy-visitor.de\/sk\/jednoduchy-rozsah-funkcii\/","og_locale":"sk_SK","og_type":"article","og_title":"Funkcie - Veasy Visitor","og_description":"veasy v praxi Funkcie a poh\u013ead do syst\u00e9mu vo videu Od pozv\u00e1nky a\u017e po prihl\u00e1senie. Pozrite si syst\u00e9m a presved\u010dte sa o intuit\u00edvnom pou\u017e\u00edvate\u013eskom rozhran\u00ed.\u010co dok\u00e1\u017ee veasy? S veasy - rie\u0161en\u00edm pre spr\u00e1vu n\u00e1v\u0161tev - vyu\u017eijete v\u0161etky funkcie pre jednoduch\u00e9, efekt\u00edvne a z\u00e1rove\u0148 v\u010fa\u010dn\u00e9 zaobch\u00e1dzanie s n\u00e1v\u0161tevn\u00edkmi vo v\u0161etk\u00fdch f\u00e1zach n\u00e1v\u0161tevy. &nbsp;","og_url":"https:\/\/veasy-visitor.de\/sk\/jednoduchy-rozsah-funkcii\/","og_site_name":"Veasy Visitor","article_modified_time":"2026-01-12T19:26:04+00:00","twitter_card":"summary_large_image","twitter_misc":{"Predpokladan\u00fd \u010das \u010d\u00edtania":"2 min\u00faty"},"schema":{"@context":"https:\/\/schema.org","@graph":[{"@type":"WebPage","@id":"https:\/\/veasy-visitor.de\/sk\/jednoduchy-rozsah-funkcii\/","url":"https:\/\/veasy-visitor.de\/sk\/jednoduchy-rozsah-funkcii\/","name":"Funkcie - Veasy Visitor","isPartOf":{"@id":"https:\/\/veasy-visitor.de\/sk\/#website"},"datePublished":"2024-12-02T10:23:47+00:00","dateModified":"2026-01-12T19:26:04+00:00","breadcrumb":{"@id":"https:\/\/veasy-visitor.de\/sk\/jednoduchy-rozsah-funkcii\/#breadcrumb"},"inLanguage":"sk-SK","potentialAction":[{"@type":"ReadAction","target":["https:\/\/veasy-visitor.de\/sk\/jednoduchy-rozsah-funkcii\/"]}]},{"@type":"BreadcrumbList","@id":"https:\/\/veasy-visitor.de\/sk\/jednoduchy-rozsah-funkcii\/#breadcrumb","itemListElement":[{"@type":"ListItem","position":1,"name":"Startseite","item":"https:\/\/veasy-visitor.de\/sk\/"},{"@type":"ListItem","position":2,"name":"Funkcie"}]},{"@type":"WebSite","@id":"https:\/\/veasy-visitor.de\/sk\/#website","url":"https:\/\/veasy-visitor.de\/sk\/","name":"veasy Visitor","description":"","publisher":{"@id":"https:\/\/veasy-visitor.de\/sk\/#organization"},"potentialAction":[{"@type":"SearchAction","target":{"@type":"EntryPoint","urlTemplate":"https:\/\/veasy-visitor.de\/sk\/?s={search_term_string}"},"query-input":{"@type":"PropertyValueSpecification","valueRequired":true,"valueName":"search_term_string"}}],"inLanguage":"sk-SK"},{"@type":"Organization","@id":"https:\/\/veasy-visitor.de\/sk\/#organization","name":"veasy Visitor","url":"https:\/\/veasy-visitor.de\/sk\/","logo":{"@type":"ImageObject","inLanguage":"sk-SK","@id":"https:\/\/veasy-visitor.de\/sk\/#\/schema\/logo\/image\/","url":"https:\/\/veasy-visitor.de\/wp-content\/uploads\/2024\/05\/veasy_logo.png","contentUrl":"https:\/\/veasy-visitor.de\/wp-content\/uploads\/2024\/05\/veasy_logo.png","width":1243,"height":603,"caption":"veasy Visitor"},"image":{"@id":"https:\/\/veasy-visitor.de\/sk\/#\/schema\/logo\/image\/"}}]}},"_links":{"self":[{"href":"https:\/\/veasy-visitor.de\/sk\/wp-json\/wp\/v2\/pages\/751","targetHints":{"allow":["GET"]}}],"collection":[{"href":"https:\/\/veasy-visitor.de\/sk\/wp-json\/wp\/v2\/pages"}],"about":[{"href":"https:\/\/veasy-visitor.de\/sk\/wp-json\/wp\/v2\/types\/page"}],"author":[{"embeddable":true,"href":"https:\/\/veasy-visitor.de\/sk\/wp-json\/wp\/v2\/users\/2"}],"replies":[{"embeddable":true,"href":"https:\/\/veasy-visitor.de\/sk\/wp-json\/wp\/v2\/comments?post=751"}],"version-history":[{"count":88,"href":"https:\/\/veasy-visitor.de\/sk\/wp-json\/wp\/v2\/pages\/751\/revisions"}],"predecessor-version":[{"id":2503,"href":"https:\/\/veasy-visitor.de\/sk\/wp-json\/wp\/v2\/pages\/751\/revisions\/2503"}],"wp:attachment":[{"href":"https:\/\/veasy-visitor.de\/sk\/wp-json\/wp\/v2\/media?parent=751"}],"curies":[{"name":"wp","href":"https:\/\/api.w.org\/{rel}","templated":true}]}}