{"id":678,"date":"2024-05-14T09:40:43","date_gmt":"2024-05-14T07:40:43","guid":{"rendered":"https:\/\/veasy-visitor.de\/odtlacok\/"},"modified":"2025-03-11T14:05:42","modified_gmt":"2025-03-11T13:05:42","slug":"odtlacok","status":"publish","type":"page","link":"https:\/\/veasy-visitor.de\/sk\/odtlacok\/","title":{"rendered":"Odtla\u010dok"},"content":{"rendered":"<p>[et_pb_section fb_built=&#8220;1&#8243; _builder_version=&#8220;4.25.1&#8243; _module_preset=&#8220;default&#8220; global_colors_info=&#8220;{}&#8220;][et_pb_row _builder_version=&#8220;4.25.1&#8243; _module_preset=&#8220;default&#8220; global_colors_info=&#8220;{}&#8220;][et_pb_column type=&#8220;4_4&#8243; _builder_version=&#8220;4.25.1&#8243; _module_preset=&#8220;default&#8220; global_colors_info=&#8220;{}&#8220;][et_pb_text _builder_version=&#8220;4.27.4&#8243; _module_preset=&#8220;default&#8220; hover_enabled=&#8220;0&#8243; global_colors_info=&#8220;{}&#8220; sticky_enabled=&#8220;0&#8243;]<\/p>\n<div class=\"wpb_text_column wpb_content_element \">\n<div class=\"wpb_wrapper\">\n<h2>Inform\u00e1cie pod\u013ea \u00a7 5 TMG<\/h2>\n<\/div>\n<\/div>\n<div class=\"wpb_text_column wpb_content_element \">\n<div class=\"wpb_wrapper\">\n<p>conceito GmbH Leutzenheldstra\u00dfe 4 76327 Pfinztal<\/p>\n<p>Obchodn\u00fd register: HRB 110956<br \/>Registrov\u00fd s\u00fad: Okresn\u00fd s\u00fad Mannheim, Registrov\u00fd s\u00fad<\/p>\n<p><strong>Z\u00e1stupcovia:<\/strong><br \/><span>Uli Dahler, Mario Holder, Bernhard Pellinger<\/span><\/p>\n<h3><\/h3>\n<h3>Kontaktujte n\u00e1s<\/h3>\n<p><span>Telef\u00f3n: 07240 943143<\/span><br \/><span>Fax: 07240 943149<\/span><br \/><span>E-mail: info(at)conceito.eu<\/span><\/p>\n<p><span><\/span><\/p>\n<h3>I\u010c DPH<\/h3>\n<p><span>Identifika\u010dn\u00e9 \u010d\u00edslo pre da\u0148 z pridanej hodnoty pod\u013ea \u00a7 27 a Z\u00e1kona o dani z pridanej hodnoty:<\/span><br \/><span>DE 242 486 310<\/span><\/p>\n<p><span><\/span><\/p>\n<h3>Rie\u0161enie sporov v E\u00da<\/h3>\n<p><span>Eur\u00f3pska komisia poskytuje platformu na rie\u0161enie sporov online (OS): <\/span><a href=\"https:\/\/ec.europa.eu\/consumers\/odr\/\" target=\"_blank\" rel=\"noopener noreferrer\">https:\/\/ec.europa.eu\/consumers\/odr\/.<\/a><span>.<\/span><br \/><span>E-mailov\u00fa adresu n\u00e1jdete v pr\u00e1vnom ozn\u00e1men\u00ed vy\u0161\u0161ie.<\/span><\/p>\n<p><span><\/span><\/p>\n<h3>Mimos\u00fadne rie\u0161enie spotrebite\u013esk\u00fdch sporov \/ Univerz\u00e1lny zmierovac\u00ed org\u00e1n<\/h3>\n<p><span>Nie sme ochotn\u00ed ani povinn\u00ed z\u00fa\u010dastni\u0165 sa na konan\u00ed o rie\u0161en\u00ed sporu pred spotrebite\u013eskou arbitr\u00e1\u017enou komisiou.<\/span><\/p>\n<\/div>\n<\/div>\n<p>[\/et_pb_text][\/et_pb_column][\/et_pb_row][\/et_pb_section]<\/p>\n","protected":false},"excerpt":{"rendered":"<p>Inform\u00e1cie pod\u013ea \u00a7 5 TMG conceito GmbH Leutzenheldstra\u00dfe 4 76327 Pfinztal Obchodn\u00fd register: HRB 110956Registrov\u00fd s\u00fad: Okresn\u00fd s\u00fad Mannheim, Registrov\u00fd s\u00fad Z\u00e1stupcovia:Uli Dahler, Mario Holder, Bernhard Pellinger Kontaktujte n\u00e1s Telef\u00f3n: 07240 943143Fax: 07240 943149E-mail: info(at)conceito.eu I\u010c DPH Identifika\u010dn\u00e9 \u010d\u00edslo pre da\u0148 z pridanej hodnoty pod\u013ea \u00a7 27 a Z\u00e1kona o dani z pridanej hodnoty:DE 242 [&hellip;]<\/p>\n","protected":false},"author":2,"featured_media":0,"parent":0,"menu_order":0,"comment_status":"closed","ping_status":"closed","template":"","meta":{"_et_pb_use_builder":"on","_et_pb_old_content":"","_et_gb_content_width":"","footnotes":""},"class_list":["post-678","page","type-page","status-publish","hentry"],"yoast_head":"<!-- This site is optimized with the Yoast SEO plugin v27.1.1 - https:\/\/yoast.com\/product\/yoast-seo-wordpress\/ -->\n<title>Odtla\u010dok - Veasy Visitor<\/title>\n<meta name=\"robots\" content=\"index, follow, max-snippet:-1, max-image-preview:large, max-video-preview:-1\" \/>\n<link rel=\"canonical\" href=\"https:\/\/veasy-visitor.de\/sk\/odtlacok\/\" \/>\n<meta property=\"og:locale\" content=\"sk_SK\" \/>\n<meta property=\"og:type\" content=\"article\" \/>\n<meta property=\"og:title\" content=\"Odtla\u010dok - Veasy Visitor\" \/>\n<meta property=\"og:description\" content=\"Inform\u00e1cie pod\u013ea \u00a7 5 TMG conceito GmbH Leutzenheldstra\u00dfe 4 76327 Pfinztal Obchodn\u00fd register: HRB 110956Registrov\u00fd s\u00fad: Okresn\u00fd s\u00fad Mannheim, Registrov\u00fd s\u00fad Z\u00e1stupcovia:Uli Dahler, Mario Holder, Bernhard Pellinger Kontaktujte n\u00e1s Telef\u00f3n: 07240 943143Fax: 07240 943149E-mail: info(at)conceito.eu I\u010c DPH Identifika\u010dn\u00e9 \u010d\u00edslo pre da\u0148 z pridanej hodnoty pod\u013ea \u00a7 27 a Z\u00e1kona o dani z pridanej hodnoty:DE 242 [&hellip;]\" \/>\n<meta property=\"og:url\" content=\"https:\/\/veasy-visitor.de\/sk\/odtlacok\/\" \/>\n<meta property=\"og:site_name\" content=\"Veasy Visitor\" \/>\n<meta property=\"article:modified_time\" content=\"2025-03-11T13:05:42+00:00\" \/>\n<meta name=\"twitter:card\" content=\"summary_large_image\" \/>\n<meta name=\"twitter:label1\" content=\"Predpokladan\u00fd \u010das \u010d\u00edtania\" \/>\n\t<meta name=\"twitter:data1\" content=\"1 min\u00fata\" \/>\n<script type=\"application\/ld+json\" class=\"yoast-schema-graph\">{\"@context\":\"https:\/\/schema.org\",\"@graph\":[{\"@type\":\"WebPage\",\"@id\":\"https:\/\/veasy-visitor.de\/sk\/odtlacok\/\",\"url\":\"https:\/\/veasy-visitor.de\/sk\/odtlacok\/\",\"name\":\"Odtla\u010dok - Veasy Visitor\",\"isPartOf\":{\"@id\":\"https:\/\/veasy-visitor.de\/sk\/#website\"},\"datePublished\":\"2024-05-14T07:40:43+00:00\",\"dateModified\":\"2025-03-11T13:05:42+00:00\",\"breadcrumb\":{\"@id\":\"https:\/\/veasy-visitor.de\/sk\/odtlacok\/#breadcrumb\"},\"inLanguage\":\"sk-SK\",\"potentialAction\":[{\"@type\":\"ReadAction\",\"target\":[\"https:\/\/veasy-visitor.de\/sk\/odtlacok\/\"]}]},{\"@type\":\"BreadcrumbList\",\"@id\":\"https:\/\/veasy-visitor.de\/sk\/odtlacok\/#breadcrumb\",\"itemListElement\":[{\"@type\":\"ListItem\",\"position\":1,\"name\":\"Startseite\",\"item\":\"https:\/\/veasy-visitor.de\/sk\/\"},{\"@type\":\"ListItem\",\"position\":2,\"name\":\"Odtla\u010dok\"}]},{\"@type\":\"WebSite\",\"@id\":\"https:\/\/veasy-visitor.de\/sk\/#website\",\"url\":\"https:\/\/veasy-visitor.de\/sk\/\",\"name\":\"veasy Visitor\",\"description\":\"\",\"publisher\":{\"@id\":\"https:\/\/veasy-visitor.de\/sk\/#organization\"},\"potentialAction\":[{\"@type\":\"SearchAction\",\"target\":{\"@type\":\"EntryPoint\",\"urlTemplate\":\"https:\/\/veasy-visitor.de\/sk\/?s={search_term_string}\"},\"query-input\":{\"@type\":\"PropertyValueSpecification\",\"valueRequired\":true,\"valueName\":\"search_term_string\"}}],\"inLanguage\":\"sk-SK\"},{\"@type\":\"Organization\",\"@id\":\"https:\/\/veasy-visitor.de\/sk\/#organization\",\"name\":\"veasy Visitor\",\"url\":\"https:\/\/veasy-visitor.de\/sk\/\",\"logo\":{\"@type\":\"ImageObject\",\"inLanguage\":\"sk-SK\",\"@id\":\"https:\/\/veasy-visitor.de\/sk\/#\/schema\/logo\/image\/\",\"url\":\"https:\/\/veasy-visitor.de\/wp-content\/uploads\/2024\/05\/veasy_logo.png\",\"contentUrl\":\"https:\/\/veasy-visitor.de\/wp-content\/uploads\/2024\/05\/veasy_logo.png\",\"width\":1243,\"height\":603,\"caption\":\"veasy Visitor\"},\"image\":{\"@id\":\"https:\/\/veasy-visitor.de\/sk\/#\/schema\/logo\/image\/\"}}]}<\/script>\n<!-- \/ Yoast SEO plugin. -->","yoast_head_json":{"title":"Odtla\u010dok - Veasy Visitor","robots":{"index":"index","follow":"follow","max-snippet":"max-snippet:-1","max-image-preview":"max-image-preview:large","max-video-preview":"max-video-preview:-1"},"canonical":"https:\/\/veasy-visitor.de\/sk\/odtlacok\/","og_locale":"sk_SK","og_type":"article","og_title":"Odtla\u010dok - Veasy Visitor","og_description":"Inform\u00e1cie pod\u013ea \u00a7 5 TMG conceito GmbH Leutzenheldstra\u00dfe 4 76327 Pfinztal Obchodn\u00fd register: HRB 110956Registrov\u00fd s\u00fad: Okresn\u00fd s\u00fad Mannheim, Registrov\u00fd s\u00fad Z\u00e1stupcovia:Uli Dahler, Mario Holder, Bernhard Pellinger Kontaktujte n\u00e1s Telef\u00f3n: 07240 943143Fax: 07240 943149E-mail: info(at)conceito.eu I\u010c DPH Identifika\u010dn\u00e9 \u010d\u00edslo pre da\u0148 z pridanej hodnoty pod\u013ea \u00a7 27 a Z\u00e1kona o dani z pridanej hodnoty:DE 242 [&hellip;]","og_url":"https:\/\/veasy-visitor.de\/sk\/odtlacok\/","og_site_name":"Veasy Visitor","article_modified_time":"2025-03-11T13:05:42+00:00","twitter_card":"summary_large_image","twitter_misc":{"Predpokladan\u00fd \u010das \u010d\u00edtania":"1 min\u00fata"},"schema":{"@context":"https:\/\/schema.org","@graph":[{"@type":"WebPage","@id":"https:\/\/veasy-visitor.de\/sk\/odtlacok\/","url":"https:\/\/veasy-visitor.de\/sk\/odtlacok\/","name":"Odtla\u010dok - Veasy Visitor","isPartOf":{"@id":"https:\/\/veasy-visitor.de\/sk\/#website"},"datePublished":"2024-05-14T07:40:43+00:00","dateModified":"2025-03-11T13:05:42+00:00","breadcrumb":{"@id":"https:\/\/veasy-visitor.de\/sk\/odtlacok\/#breadcrumb"},"inLanguage":"sk-SK","potentialAction":[{"@type":"ReadAction","target":["https:\/\/veasy-visitor.de\/sk\/odtlacok\/"]}]},{"@type":"BreadcrumbList","@id":"https:\/\/veasy-visitor.de\/sk\/odtlacok\/#breadcrumb","itemListElement":[{"@type":"ListItem","position":1,"name":"Startseite","item":"https:\/\/veasy-visitor.de\/sk\/"},{"@type":"ListItem","position":2,"name":"Odtla\u010dok"}]},{"@type":"WebSite","@id":"https:\/\/veasy-visitor.de\/sk\/#website","url":"https:\/\/veasy-visitor.de\/sk\/","name":"veasy Visitor","description":"","publisher":{"@id":"https:\/\/veasy-visitor.de\/sk\/#organization"},"potentialAction":[{"@type":"SearchAction","target":{"@type":"EntryPoint","urlTemplate":"https:\/\/veasy-visitor.de\/sk\/?s={search_term_string}"},"query-input":{"@type":"PropertyValueSpecification","valueRequired":true,"valueName":"search_term_string"}}],"inLanguage":"sk-SK"},{"@type":"Organization","@id":"https:\/\/veasy-visitor.de\/sk\/#organization","name":"veasy Visitor","url":"https:\/\/veasy-visitor.de\/sk\/","logo":{"@type":"ImageObject","inLanguage":"sk-SK","@id":"https:\/\/veasy-visitor.de\/sk\/#\/schema\/logo\/image\/","url":"https:\/\/veasy-visitor.de\/wp-content\/uploads\/2024\/05\/veasy_logo.png","contentUrl":"https:\/\/veasy-visitor.de\/wp-content\/uploads\/2024\/05\/veasy_logo.png","width":1243,"height":603,"caption":"veasy Visitor"},"image":{"@id":"https:\/\/veasy-visitor.de\/sk\/#\/schema\/logo\/image\/"}}]}},"_links":{"self":[{"href":"https:\/\/veasy-visitor.de\/sk\/wp-json\/wp\/v2\/pages\/678","targetHints":{"allow":["GET"]}}],"collection":[{"href":"https:\/\/veasy-visitor.de\/sk\/wp-json\/wp\/v2\/pages"}],"about":[{"href":"https:\/\/veasy-visitor.de\/sk\/wp-json\/wp\/v2\/types\/page"}],"author":[{"embeddable":true,"href":"https:\/\/veasy-visitor.de\/sk\/wp-json\/wp\/v2\/users\/2"}],"replies":[{"embeddable":true,"href":"https:\/\/veasy-visitor.de\/sk\/wp-json\/wp\/v2\/comments?post=678"}],"version-history":[{"count":29,"href":"https:\/\/veasy-visitor.de\/sk\/wp-json\/wp\/v2\/pages\/678\/revisions"}],"predecessor-version":[{"id":1505,"href":"https:\/\/veasy-visitor.de\/sk\/wp-json\/wp\/v2\/pages\/678\/revisions\/1505"}],"wp:attachment":[{"href":"https:\/\/veasy-visitor.de\/sk\/wp-json\/wp\/v2\/media?parent=678"}],"curies":[{"name":"wp","href":"https:\/\/api.w.org\/{rel}","templated":true}]}}